{"id":8242,"date":"2023-06-15T12:04:25","date_gmt":"2023-06-15T10:04:25","guid":{"rendered":"http:\/\/topchem.realizacjewww.pl\/?post_type=product&#038;p=8242"},"modified":"2023-06-15T12:04:25","modified_gmt":"2023-06-15T10:04:25","slug":"gg-balsam-plyn-do-naczyn-500ml","status":"publish","type":"product","link":"http:\/\/topchem.realizacjewww.pl\/?product=gg-balsam-plyn-do-naczyn-500ml","title":{"rendered":"G&#038;G Balsam P\u0142yn do Naczy\u0144 500ml"},"content":{"rendered":"","protected":false},"excerpt":{"rendered":"<p><span style=\"color: #202124;\"><span style=\"font-family: Times New Roman, serif;\"><span style=\"font-size: large;\">Delikatny p\u0142yn do mycia naczy\u0144. Chroni d\u0142onie przed szkodz\u0105cymi substancjamin chemicznymi.<\/span><\/span><\/span><\/p>\n<p><span style=\"color: #202124;\"><span style=\"font-family: Times New Roman, serif;\"><span style=\"font-size: large;\">Pochodzenie: Niemcy<\/span><\/span><\/span><\/p>\n<p><span style=\"color: #202124;\"><span style=\"font-family: Times New Roman, serif;\"><span style=\"font-size: large;\">Producent: Edeka Zentrale<\/span><\/span><\/span><\/p>\n<p><span style=\"color: #202124;\"><span style=\"font-family: Times New Roman, serif;\"><span style=\"font-size: large;\">Waga:0.5kg<\/span><\/span><\/span><\/p>\n<p><span style=\"color: #202124;\"><span style=\"font-family: Times New Roman, serif;\"><span style=\"font-size: large;\">Obj\u0119to\u015b\u0107:0.5l<\/span><\/span><\/span><\/p>\n<p><span style=\"color: #202124;\"><span style=\"font-family: Times New Roman, serif;\"><span style=\"font-size: large;\">Marka: G&amp;G<\/span><\/span><\/span><\/p>\n","protected":false},"featured_media":8243,"comment_status":"open","ping_status":"closed","template":"","meta":[],"product_cat":[45,55],"product_tag":[],"class_list":{"0":"post-8242","1":"product","2":"type-product","3":"status-publish","4":"has-post-thumbnail","6":"product_cat-artykuly-chemiczne","7":"product_cat-kuchnia","8":"description-off","10":"first","11":"instock","12":"shipping-taxable","13":"purchasable","14":"product-type-simple"},"_links":{"self":[{"href":"http:\/\/topchem.realizacjewww.pl\/index.php?rest_route=\/wp\/v2\/product\/8242","targetHints":{"allow":["GET"]}}],"collection":[{"href":"http:\/\/topchem.realizacjewww.pl\/index.php?rest_route=\/wp\/v2\/product"}],"about":[{"href":"http:\/\/topchem.realizacjewww.pl\/index.php?rest_route=\/wp\/v2\/types\/product"}],"replies":[{"embeddable":true,"href":"http:\/\/topchem.realizacjewww.pl\/index.php?rest_route=%2Fwp%2Fv2%2Fcomments&post=8242"}],"version-history":[{"count":1,"href":"http:\/\/topchem.realizacjewww.pl\/index.php?rest_route=\/wp\/v2\/product\/8242\/revisions"}],"predecessor-version":[{"id":8244,"href":"http:\/\/topchem.realizacjewww.pl\/index.php?rest_route=\/wp\/v2\/product\/8242\/revisions\/8244"}],"wp:featuredmedia":[{"embeddable":true,"href":"http:\/\/topchem.realizacjewww.pl\/index.php?rest_route=\/wp\/v2\/media\/8243"}],"wp:attachment":[{"href":"http:\/\/topchem.realizacjewww.pl\/index.php?rest_route=%2Fwp%2Fv2%2Fmedia&parent=8242"}],"wp:term":[{"taxonomy":"product_cat","embeddable":true,"href":"http:\/\/topchem.realizacjewww.pl\/index.php?rest_route=%2Fwp%2Fv2%2Fproduct_cat&post=8242"},{"taxonomy":"product_tag","embeddable":true,"href":"http:\/\/topchem.realizacjewww.pl\/index.php?rest_route=%2Fwp%2Fv2%2Fproduct_tag&post=8242"}],"curies":[{"name":"wp","href":"https:\/\/api.w.org\/{rel}","templated":true}]}}