{"id":8251,"date":"2023-06-15T12:07:16","date_gmt":"2023-06-15T10:07:16","guid":{"rendered":"http:\/\/topchem.realizacjewww.pl\/?post_type=product&#038;p=8251"},"modified":"2023-06-15T12:07:16","modified_gmt":"2023-06-15T10:07:16","slug":"domestos-kraft-frische-wc-gel-lime-fresh-1l","status":"publish","type":"product","link":"http:\/\/topchem.realizacjewww.pl\/?product=domestos-kraft-frische-wc-gel-lime-fresh-1l","title":{"rendered":"Domestos Kraft &#038; Frische WC Gel Lime Fresh 1L"},"content":{"rendered":"","protected":false},"excerpt":{"rendered":"<p><span style=\"color: #202124;\"><span style=\"font-family: Times New Roman, serif;\"><span style=\"font-size: large;\">\u017bel do czyszczenia WC o limonkowym zapachu.<\/span><\/span><\/span><\/p>\n<p><span style=\"color: #000000;\"><span style=\"font-family: Times New Roman, serif;\"><span style=\"font-size: large;\">Producent Unilever<\/span><\/span><\/span><\/p>\n<p><span style=\"color: #000000;\"><span style=\"font-family: Times New Roman, serif;\"><span style=\"font-size: large;\">Waga 1kg<\/span><\/span><\/span><\/p>\n<p><span style=\"color: #000000;\"><span style=\"font-family: Times New Roman, serif;\"><span style=\"font-size: large;\">Obj\u0119to\u015b\u0107 1l<\/span><\/span><\/span><\/p>\n<p><span style=\"color: #000000;\"><span style=\"font-family: Times New Roman, serif;\"><span style=\"font-size: large;\">Marka <\/span><\/span><\/span><a href=\"https:\/\/hurtgdynia.pl\/domestos\"><span style=\"color: #000000;\"><span style=\"font-family: Times New Roman, serif;\"><span style=\"font-size: large;\">Domestos<\/span><\/span><\/span><\/a><\/p>\n<p><span style=\"font-family: Times New Roman, serif;\"><span style=\"font-size: large;\"><span style=\"color: #000000;\">Kraj pochodzenia <\/span><span style=\"color: #000000;\">Holandia<\/span><\/span><\/span><\/p>\n","protected":false},"featured_media":8252,"comment_status":"open","ping_status":"closed","template":"","meta":[],"product_cat":[45,54],"product_tag":[],"class_list":{"0":"post-8251","1":"product","2":"type-product","3":"status-publish","4":"has-post-thumbnail","6":"product_cat-artykuly-chemiczne","7":"product_cat-lazienka","8":"description-off","10":"first","11":"instock","12":"shipping-taxable","13":"purchasable","14":"product-type-simple"},"_links":{"self":[{"href":"http:\/\/topchem.realizacjewww.pl\/index.php?rest_route=\/wp\/v2\/product\/8251","targetHints":{"allow":["GET"]}}],"collection":[{"href":"http:\/\/topchem.realizacjewww.pl\/index.php?rest_route=\/wp\/v2\/product"}],"about":[{"href":"http:\/\/topchem.realizacjewww.pl\/index.php?rest_route=\/wp\/v2\/types\/product"}],"replies":[{"embeddable":true,"href":"http:\/\/topchem.realizacjewww.pl\/index.php?rest_route=%2Fwp%2Fv2%2Fcomments&post=8251"}],"version-history":[{"count":1,"href":"http:\/\/topchem.realizacjewww.pl\/index.php?rest_route=\/wp\/v2\/product\/8251\/revisions"}],"predecessor-version":[{"id":8253,"href":"http:\/\/topchem.realizacjewww.pl\/index.php?rest_route=\/wp\/v2\/product\/8251\/revisions\/8253"}],"wp:featuredmedia":[{"embeddable":true,"href":"http:\/\/topchem.realizacjewww.pl\/index.php?rest_route=\/wp\/v2\/media\/8252"}],"wp:attachment":[{"href":"http:\/\/topchem.realizacjewww.pl\/index.php?rest_route=%2Fwp%2Fv2%2Fmedia&parent=8251"}],"wp:term":[{"taxonomy":"product_cat","embeddable":true,"href":"http:\/\/topchem.realizacjewww.pl\/index.php?rest_route=%2Fwp%2Fv2%2Fproduct_cat&post=8251"},{"taxonomy":"product_tag","embeddable":true,"href":"http:\/\/topchem.realizacjewww.pl\/index.php?rest_route=%2Fwp%2Fv2%2Fproduct_tag&post=8251"}],"curies":[{"name":"wp","href":"https:\/\/api.w.org\/{rel}","templated":true}]}}