{"id":8269,"date":"2023-06-15T12:11:54","date_gmt":"2023-06-15T10:11:54","guid":{"rendered":"http:\/\/topchem.realizacjewww.pl\/?post_type=product&#038;p=8269"},"modified":"2023-06-15T12:11:54","modified_gmt":"2023-06-15T10:11:54","slug":"softlan-ultra-windfrisch-pluk-40p-1l","status":"publish","type":"product","link":"http:\/\/topchem.realizacjewww.pl\/?product=softlan-ultra-windfrisch-pluk-40p-1l","title":{"rendered":"Softlan Ultra Windfrisch P\u0142uk 40p 1L"},"content":{"rendered":"","protected":false},"excerpt":{"rendered":"<p lang=\"zxx\"><span style=\"color: #000000;\"><span style=\"font-family: Verdana, sans-serif;\"><span style=\"font-size: medium;\">P\u0142yn do p\u0142ukania Softlan Windfrisch z importu to niezwyk\u0142y produkt, kt\u00f3ry sprawi, \u017ce Twoje ubrania b\u0119d\u0105 pachnie\u0107 tak, jakby by\u0142y suszone na \u015bwie\u017cym powietrzu. Dodatkowo tkaniny zostan\u0105 zmi\u0119kczone i stan\u0105 si\u0119 przyjemne w dotyku. Softlan Windfrisch\u00a0mo\u017cna stosowa\u0107 do bia\u0142ych i kolorowych ubra\u0144,\u00a0jest\u00a0ekonomiczny i wydajny dzi\u0119ki skoncentrowanej formule. P\u0142yn Softlan Windfrisch\u00a0posiada w\u0142a\u015bciwo\u015bci antystatyczne i zapobiega gnieceniu si\u0119 ubra\u0144.<\/span><\/span><\/span><\/p>\n<p><span style=\"color: #000000;\"><span style=\"font-family: Roboto, Verdana, Arial;\"><span style=\"font-size: small;\">Producent Colgate-Palmolive Company<\/span><\/span><\/span><\/p>\n<p><span style=\"color: #000000;\"><span style=\"font-family: Roboto, Verdana, Arial;\"><span style=\"font-size: small;\">Waga 1kg<\/span><\/span><\/span><\/p>\n<p><span style=\"color: #000000;\"><span style=\"font-family: Roboto, Verdana, Arial;\"><span style=\"font-size: small;\">Obj\u0119to\u015b\u0107 1l<\/span><\/span><\/span><\/p>\n<p><span style=\"color: #000000;\"><span style=\"font-family: Roboto, Verdana, Arial;\"><span style=\"font-size: small;\">Marka <\/span><\/span><\/span><a href=\"https:\/\/hurtgdynia.pl\/softlan\"><span style=\"color: #000000;\"><span style=\"font-family: Roboto, Verdana, Arial;\"><span style=\"font-size: small;\">Softlan<\/span><\/span><\/span><\/a><\/p>\n<p><span style=\"color: #000000;\"><span style=\"font-family: Roboto, Verdana, Arial;\"><span style=\"font-size: small;\">Kraj pochodzenia <\/span><\/span><\/span><span style=\"color: #000000;\"><span style=\"font-family: Roboto, Verdana, Arial;\"><span style=\"font-size: small;\">Holandia<\/span><\/span><\/span><\/p>\n","protected":false},"featured_media":8270,"comment_status":"open","ping_status":"closed","template":"","meta":[],"product_cat":[52,45],"product_tag":[],"class_list":{"0":"post-8269","1":"product","2":"type-product","3":"status-publish","4":"has-post-thumbnail","6":"product_cat-plyny-do-plukania","7":"product_cat-artykuly-chemiczne","8":"description-off","10":"first","11":"instock","12":"shipping-taxable","13":"purchasable","14":"product-type-simple"},"_links":{"self":[{"href":"http:\/\/topchem.realizacjewww.pl\/index.php?rest_route=\/wp\/v2\/product\/8269","targetHints":{"allow":["GET"]}}],"collection":[{"href":"http:\/\/topchem.realizacjewww.pl\/index.php?rest_route=\/wp\/v2\/product"}],"about":[{"href":"http:\/\/topchem.realizacjewww.pl\/index.php?rest_route=\/wp\/v2\/types\/product"}],"replies":[{"embeddable":true,"href":"http:\/\/topchem.realizacjewww.pl\/index.php?rest_route=%2Fwp%2Fv2%2Fcomments&post=8269"}],"version-history":[{"count":1,"href":"http:\/\/topchem.realizacjewww.pl\/index.php?rest_route=\/wp\/v2\/product\/8269\/revisions"}],"predecessor-version":[{"id":8271,"href":"http:\/\/topchem.realizacjewww.pl\/index.php?rest_route=\/wp\/v2\/product\/8269\/revisions\/8271"}],"wp:featuredmedia":[{"embeddable":true,"href":"http:\/\/topchem.realizacjewww.pl\/index.php?rest_route=\/wp\/v2\/media\/8270"}],"wp:attachment":[{"href":"http:\/\/topchem.realizacjewww.pl\/index.php?rest_route=%2Fwp%2Fv2%2Fmedia&parent=8269"}],"wp:term":[{"taxonomy":"product_cat","embeddable":true,"href":"http:\/\/topchem.realizacjewww.pl\/index.php?rest_route=%2Fwp%2Fv2%2Fproduct_cat&post=8269"},{"taxonomy":"product_tag","embeddable":true,"href":"http:\/\/topchem.realizacjewww.pl\/index.php?rest_route=%2Fwp%2Fv2%2Fproduct_tag&post=8269"}],"curies":[{"name":"wp","href":"https:\/\/api.w.org\/{rel}","templated":true}]}}