{"id":8272,"date":"2023-06-15T12:12:23","date_gmt":"2023-06-15T10:12:23","guid":{"rendered":"http:\/\/topchem.realizacjewww.pl\/?post_type=product&#038;p=8272"},"modified":"2023-06-15T12:12:23","modified_gmt":"2023-06-15T10:12:23","slug":"heitmann-anti-kalk-power-500ml-trigger","status":"publish","type":"product","link":"http:\/\/topchem.realizacjewww.pl\/?product=heitmann-anti-kalk-power-500ml-trigger","title":{"rendered":"Heitmann Anti-Kalk Power 500ml Trigger"},"content":{"rendered":"","protected":false},"excerpt":{"rendered":"<p><span style=\"color: #000000;\"><span style=\"font-family: Roboto, Verdana, Arial;\"><span style=\"font-size: large;\">Odplamiacz w spray-u do \u0142azienki. Skutecznie usuwa uporczywe osady z kamienia, myd\u0142a i brudu. Dzi\u0119ki funkcji rozpylania dociera nawet do trudno dost\u0119pnych miejsc. Skoncentrowana formu\u0142a rozpuszcza uparte wapienne osady i nadaje czyszczonym powierzchniom blask. Idealny do chromu, stali nierdzewnej, kabin prysznicowych, kran\u00f3w i kafelk\u00f3w, toalet, zlewozmywak\u00f3w, \u0142azienek i brodzik\u00f3w z tworzywa sztucznego. Testowany dermatologicznie. Nie nadaje si\u0119 do powierzchni wra\u017cliwych na kwasy.<\/span><\/span><\/span><\/p>\n<p><span style=\"color: #000000;\"><span style=\"font-family: Roboto, Verdana, Arial;\"><span style=\"font-size: small;\">Producent Brauns-Heitmann<\/span><\/span><\/span><\/p>\n","protected":false},"featured_media":8273,"comment_status":"open","ping_status":"closed","template":"","meta":[],"product_cat":[45,57],"product_tag":[],"class_list":{"0":"post-8272","1":"product","2":"type-product","3":"status-publish","4":"has-post-thumbnail","6":"product_cat-artykuly-chemiczne","7":"product_cat-pozostale-artykuly-chemiczne","8":"description-off","10":"first","11":"instock","12":"shipping-taxable","13":"purchasable","14":"product-type-simple"},"_links":{"self":[{"href":"http:\/\/topchem.realizacjewww.pl\/index.php?rest_route=\/wp\/v2\/product\/8272","targetHints":{"allow":["GET"]}}],"collection":[{"href":"http:\/\/topchem.realizacjewww.pl\/index.php?rest_route=\/wp\/v2\/product"}],"about":[{"href":"http:\/\/topchem.realizacjewww.pl\/index.php?rest_route=\/wp\/v2\/types\/product"}],"replies":[{"embeddable":true,"href":"http:\/\/topchem.realizacjewww.pl\/index.php?rest_route=%2Fwp%2Fv2%2Fcomments&post=8272"}],"version-history":[{"count":1,"href":"http:\/\/topchem.realizacjewww.pl\/index.php?rest_route=\/wp\/v2\/product\/8272\/revisions"}],"predecessor-version":[{"id":8274,"href":"http:\/\/topchem.realizacjewww.pl\/index.php?rest_route=\/wp\/v2\/product\/8272\/revisions\/8274"}],"wp:featuredmedia":[{"embeddable":true,"href":"http:\/\/topchem.realizacjewww.pl\/index.php?rest_route=\/wp\/v2\/media\/8273"}],"wp:attachment":[{"href":"http:\/\/topchem.realizacjewww.pl\/index.php?rest_route=%2Fwp%2Fv2%2Fmedia&parent=8272"}],"wp:term":[{"taxonomy":"product_cat","embeddable":true,"href":"http:\/\/topchem.realizacjewww.pl\/index.php?rest_route=%2Fwp%2Fv2%2Fproduct_cat&post=8272"},{"taxonomy":"product_tag","embeddable":true,"href":"http:\/\/topchem.realizacjewww.pl\/index.php?rest_route=%2Fwp%2Fv2%2Fproduct_tag&post=8272"}],"curies":[{"name":"wp","href":"https:\/\/api.w.org\/{rel}","templated":true}]}}