{"id":8275,"date":"2023-06-15T12:13:01","date_gmt":"2023-06-15T10:13:01","guid":{"rendered":"http:\/\/topchem.realizacjewww.pl\/?post_type=product&#038;p=8275"},"modified":"2023-06-15T12:13:01","modified_gmt":"2023-06-15T10:13:01","slug":"schovit-kakao-800g","status":"publish","type":"product","link":"http:\/\/topchem.realizacjewww.pl\/?product=schovit-kakao-800g","title":{"rendered":"Schovit Kakao 800g"},"content":{"rendered":"","protected":false},"excerpt":{"rendered":"<p><span style=\"color: #000000;\"><span style=\"font-family: Verdana;\"><span style=\"font-size: medium;\">Rozpuszczalne kakao marki Schovit to\u00a0zdrowy i pyszny nap\u00f3j, kt\u00f3ry przygotujesz sam. Wzbogacone w witaminy B1,B2,B6,B12,C a dodatkowo w Magnez i Wap\u0144 dzi\u0119ki czemu w jednej szklance czekoladowego napoju dostarczamy naszemu organizmowi wiele cennych warto\u015bci, kt\u00f3re korzystnie wp\u0142ywaj\u0105 na Nasze zdrowie.<\/span><\/span><\/span><\/p>\n<p><span style=\"color: #000000;\"><span style=\"font-family: Roboto, Verdana, Arial;\"><span style=\"font-size: small;\">Producent Aldi<\/span><\/span><\/span><\/p>\n<p><span style=\"color: #000000;\"><span style=\"font-family: Roboto, Verdana, Arial;\"><span style=\"font-size: small;\">Waga 0.8kg<\/span><\/span><\/span><\/p>\n<p><span style=\"color: #000000;\"><span style=\"font-family: Roboto, Verdana, Arial;\"><span style=\"font-size: small;\">Marka <\/span><\/span><\/span><a href=\"https:\/\/hurtgdynia.pl\/schovit\"><span style=\"color: #000000;\"><span style=\"font-family: Roboto, Verdana, Arial;\"><span style=\"font-size: small;\">Schovit<\/span><\/span><\/span><\/a><\/p>\n<p><span style=\"color: #000000;\"><span style=\"font-family: Roboto, Verdana, Arial;\"><span style=\"font-size: small;\">Kraj pochodzenia <\/span><\/span><\/span><span style=\"color: #000000;\"><span style=\"font-family: Roboto, Verdana, Arial;\"><span style=\"font-size: small;\">Niemcy<\/span><\/span><\/span><\/p>\n","protected":false},"featured_media":8276,"comment_status":"open","ping_status":"closed","template":"","meta":[],"product_cat":[44,50],"product_tag":[],"class_list":{"0":"post-8275","1":"product","2":"type-product","3":"status-publish","4":"has-post-thumbnail","6":"product_cat-artykuly-spozywcze","7":"product_cat-pozostale","8":"description-off","10":"first","11":"instock","12":"shipping-taxable","13":"purchasable","14":"product-type-simple"},"_links":{"self":[{"href":"http:\/\/topchem.realizacjewww.pl\/index.php?rest_route=\/wp\/v2\/product\/8275","targetHints":{"allow":["GET"]}}],"collection":[{"href":"http:\/\/topchem.realizacjewww.pl\/index.php?rest_route=\/wp\/v2\/product"}],"about":[{"href":"http:\/\/topchem.realizacjewww.pl\/index.php?rest_route=\/wp\/v2\/types\/product"}],"replies":[{"embeddable":true,"href":"http:\/\/topchem.realizacjewww.pl\/index.php?rest_route=%2Fwp%2Fv2%2Fcomments&post=8275"}],"version-history":[{"count":1,"href":"http:\/\/topchem.realizacjewww.pl\/index.php?rest_route=\/wp\/v2\/product\/8275\/revisions"}],"predecessor-version":[{"id":8277,"href":"http:\/\/topchem.realizacjewww.pl\/index.php?rest_route=\/wp\/v2\/product\/8275\/revisions\/8277"}],"wp:featuredmedia":[{"embeddable":true,"href":"http:\/\/topchem.realizacjewww.pl\/index.php?rest_route=\/wp\/v2\/media\/8276"}],"wp:attachment":[{"href":"http:\/\/topchem.realizacjewww.pl\/index.php?rest_route=%2Fwp%2Fv2%2Fmedia&parent=8275"}],"wp:term":[{"taxonomy":"product_cat","embeddable":true,"href":"http:\/\/topchem.realizacjewww.pl\/index.php?rest_route=%2Fwp%2Fv2%2Fproduct_cat&post=8275"},{"taxonomy":"product_tag","embeddable":true,"href":"http:\/\/topchem.realizacjewww.pl\/index.php?rest_route=%2Fwp%2Fv2%2Fproduct_tag&post=8275"}],"curies":[{"name":"wp","href":"https:\/\/api.w.org\/{rel}","templated":true}]}}