{"id":8281,"date":"2023-06-15T12:14:37","date_gmt":"2023-06-15T10:14:37","guid":{"rendered":"http:\/\/topchem.realizacjewww.pl\/?post_type=product&#038;p=8281"},"modified":"2023-06-15T12:14:37","modified_gmt":"2023-06-15T10:14:37","slug":"dreft-platinum-all-in-one-tabs-86szt-13kg","status":"publish","type":"product","link":"http:\/\/topchem.realizacjewww.pl\/?product=dreft-platinum-all-in-one-tabs-86szt-13kg","title":{"rendered":"Dreft Platinum All in One Tabs 86szt 1,3kg"},"content":{"rendered":"","protected":false},"excerpt":{"rendered":"<p><span style=\"color: #000000;\"><span style=\"font-family: Roboto, Verdana, Arial;\"><b>Dreft Platinum \u0142\u0105czy w sobie wiele w\u0142a\u015bciwo\u015bci: doskonale myje nawet bardzo brudne naczynia oraz zmywarke i zabezpiecza przed osadzaniem si\u0119 kamienia na cz\u0119\u015bciach zmywarki; nab\u0142yszcza daj\u0105c naczyniom czysto\u015b\u0107, po\u0142ysk oraz przyjemny zapach.<\/b><\/span><\/span><\/p>\n<p>&nbsp;<\/p>\n<p><span style=\"color: #000000;\"><span style=\"font-family: Roboto, Verdana, Arial;\"><span style=\"font-size: small;\">Producent Procter&amp;Gamble<\/span><\/span><\/span><\/p>\n<p><span style=\"color: #000000;\"><span style=\"font-family: Roboto, Verdana, Arial;\"><span style=\"font-size: small;\">Waga 1.34kg<\/span><\/span><\/span><\/p>\n<p><span style=\"color: #000000;\"><span style=\"font-family: Roboto, Verdana, Arial;\"><span style=\"font-size: small;\">Marka <\/span><\/span><\/span><a href=\"https:\/\/hurtgdynia.pl\/dreft\"><span style=\"color: #000000;\"><span style=\"font-family: Roboto, Verdana, Arial;\"><span style=\"font-size: small;\">Dreft<\/span><\/span><\/span><\/a><\/p>\n<p><span style=\"color: #000000;\"><span style=\"font-family: Roboto, Verdana, Arial;\"><span style=\"font-size: small;\">Kraj pochodzenia <\/span><\/span><\/span><span style=\"color: #000000;\"><span style=\"font-family: Roboto, Verdana, Arial;\"><span style=\"font-size: small;\">W\u0142ochy<\/span><\/span><\/span><\/p>\n","protected":false},"featured_media":8282,"comment_status":"open","ping_status":"closed","template":"","meta":[],"product_cat":[45,53],"product_tag":[],"class_list":{"0":"post-8281","1":"product","2":"type-product","3":"status-publish","4":"has-post-thumbnail","6":"product_cat-artykuly-chemiczne","7":"product_cat-kapsulki","8":"description-off","10":"first","11":"instock","12":"shipping-taxable","13":"purchasable","14":"product-type-simple"},"_links":{"self":[{"href":"http:\/\/topchem.realizacjewww.pl\/index.php?rest_route=\/wp\/v2\/product\/8281","targetHints":{"allow":["GET"]}}],"collection":[{"href":"http:\/\/topchem.realizacjewww.pl\/index.php?rest_route=\/wp\/v2\/product"}],"about":[{"href":"http:\/\/topchem.realizacjewww.pl\/index.php?rest_route=\/wp\/v2\/types\/product"}],"replies":[{"embeddable":true,"href":"http:\/\/topchem.realizacjewww.pl\/index.php?rest_route=%2Fwp%2Fv2%2Fcomments&post=8281"}],"version-history":[{"count":1,"href":"http:\/\/topchem.realizacjewww.pl\/index.php?rest_route=\/wp\/v2\/product\/8281\/revisions"}],"predecessor-version":[{"id":8283,"href":"http:\/\/topchem.realizacjewww.pl\/index.php?rest_route=\/wp\/v2\/product\/8281\/revisions\/8283"}],"wp:featuredmedia":[{"embeddable":true,"href":"http:\/\/topchem.realizacjewww.pl\/index.php?rest_route=\/wp\/v2\/media\/8282"}],"wp:attachment":[{"href":"http:\/\/topchem.realizacjewww.pl\/index.php?rest_route=%2Fwp%2Fv2%2Fmedia&parent=8281"}],"wp:term":[{"taxonomy":"product_cat","embeddable":true,"href":"http:\/\/topchem.realizacjewww.pl\/index.php?rest_route=%2Fwp%2Fv2%2Fproduct_cat&post=8281"},{"taxonomy":"product_tag","embeddable":true,"href":"http:\/\/topchem.realizacjewww.pl\/index.php?rest_route=%2Fwp%2Fv2%2Fproduct_tag&post=8281"}],"curies":[{"name":"wp","href":"https:\/\/api.w.org\/{rel}","templated":true}]}}