{"id":8284,"date":"2023-06-15T12:15:07","date_gmt":"2023-06-15T10:15:07","guid":{"rendered":"http:\/\/topchem.realizacjewww.pl\/?post_type=product&#038;p=8284"},"modified":"2023-06-15T14:20:18","modified_gmt":"2023-06-15T12:20:18","slug":"weiser-riese-universal-gel-50p-25l","status":"publish","type":"product","link":"http:\/\/topchem.realizacjewww.pl\/?product=weiser-riese-universal-gel-50p-25l","title":{"rendered":"Wei\u00dfer Riese Universal Gel 50p 2,5L"},"content":{"rendered":"","protected":false},"excerpt":{"rendered":"<p><span style=\"color: #000000;\"><span style=\"font-family: Roboto, Verdana, Arial;\"><span style=\"font-size: small;\">Uniwersalny \u017cel do prania Weiser Riese. Dzi\u0119ki nowej formule pi\u0119ciostopniowego odplamiania usuwa najtrudniejsze zabrudzenia. Idealny do ka\u017cdego rodzaju tkanin &#8211; kolorowych jak i bia\u0142ych. Pozostawia przyjemny \u015bwie\u017cy zapach. Jego zalet\u0105 jest wydajno\u015b\u0107 &#8211; wystarcza na minimum 50 pra\u0144. Zastosowana formu\u0142a detekcji plam usuwa ich ponad sto rodzaj\u00f3w!\u00a0Bardzo skuteczna moc czyszczenia ju\u017c od 20&#8217;C! <\/span><\/span><\/span><\/p>\n<p><span style=\"color: #000000;\"><span style=\"font-family: Roboto, Verdana, Arial;\"><span style=\"font-size: small;\">Producent Henkel<\/span><\/span><\/span><\/p>\n<p><span style=\"color: #000000;\"><span style=\"font-family: Roboto, Verdana, Arial;\"><span style=\"font-size: small;\">Waga 2.5kg<\/span><\/span><\/span><\/p>\n<p><span style=\"color: #000000;\"><span style=\"font-family: Roboto, Verdana, Arial;\"><span style=\"font-size: small;\">Obj\u0119to\u015b\u0107 2.5l<\/span><\/span><\/span><\/p>\n<p><span style=\"color: #000000;\"><span style=\"font-family: Roboto, Verdana, Arial;\"><span style=\"font-size: small;\">Marka <\/span><\/span><\/span><a href=\"https:\/\/hurtgdynia.pl\/weisser-riese\"><span style=\"color: #000000;\"><span style=\"font-family: Roboto, Verdana, Arial;\"><span style=\"font-size: small;\">Weisser Riese<\/span><\/span><\/span><\/a><\/p>\n<p><span style=\"color: #000000;\"><span style=\"font-family: Roboto, Verdana, Arial;\"><span style=\"font-size: small;\">Kraj pochodzenia <\/span><\/span><\/span><span style=\"color: #000000;\"><span style=\"font-family: Roboto, Verdana, Arial;\"><span style=\"font-size: small;\">Niemcy<\/span><\/span><\/span><\/p>\n","protected":false},"featured_media":8285,"comment_status":"open","ping_status":"closed","template":"","meta":[],"product_cat":[45,51],"product_tag":[58,59,60],"class_list":{"0":"post-8284","1":"product","2":"type-product","3":"status-publish","4":"has-post-thumbnail","6":"product_cat-artykuly-chemiczne","7":"product_cat-zele-i-plyny-do-prania","8":"product_tag-bestseller","9":"product_tag-promocje","10":"product_tag-nowosci","11":"description-off","13":"first","14":"instock","15":"shipping-taxable","16":"purchasable","17":"product-type-simple"},"_links":{"self":[{"href":"http:\/\/topchem.realizacjewww.pl\/index.php?rest_route=\/wp\/v2\/product\/8284","targetHints":{"allow":["GET"]}}],"collection":[{"href":"http:\/\/topchem.realizacjewww.pl\/index.php?rest_route=\/wp\/v2\/product"}],"about":[{"href":"http:\/\/topchem.realizacjewww.pl\/index.php?rest_route=\/wp\/v2\/types\/product"}],"replies":[{"embeddable":true,"href":"http:\/\/topchem.realizacjewww.pl\/index.php?rest_route=%2Fwp%2Fv2%2Fcomments&post=8284"}],"version-history":[{"count":1,"href":"http:\/\/topchem.realizacjewww.pl\/index.php?rest_route=\/wp\/v2\/product\/8284\/revisions"}],"predecessor-version":[{"id":8286,"href":"http:\/\/topchem.realizacjewww.pl\/index.php?rest_route=\/wp\/v2\/product\/8284\/revisions\/8286"}],"wp:featuredmedia":[{"embeddable":true,"href":"http:\/\/topchem.realizacjewww.pl\/index.php?rest_route=\/wp\/v2\/media\/8285"}],"wp:attachment":[{"href":"http:\/\/topchem.realizacjewww.pl\/index.php?rest_route=%2Fwp%2Fv2%2Fmedia&parent=8284"}],"wp:term":[{"taxonomy":"product_cat","embeddable":true,"href":"http:\/\/topchem.realizacjewww.pl\/index.php?rest_route=%2Fwp%2Fv2%2Fproduct_cat&post=8284"},{"taxonomy":"product_tag","embeddable":true,"href":"http:\/\/topchem.realizacjewww.pl\/index.php?rest_route=%2Fwp%2Fv2%2Fproduct_tag&post=8284"}],"curies":[{"name":"wp","href":"https:\/\/api.w.org\/{rel}","templated":true}]}}